{"id":5,"date":"2018-07-20T09:53:13","date_gmt":"2018-07-20T09:53:13","guid":{"rendered":"https:\/\/arviva.es\/?page_id=5"},"modified":"2025-12-11T16:39:15","modified_gmt":"2025-12-11T16:39:15","slug":"home","status":"publish","type":"page","link":"https:\/\/arviva.es\/","title":{"rendered":"Home"},"content":{"rendered":"<h2><\/h2>\n<p>&nbsp;<\/p>\n<p>&nbsp;<\/p>\n<h2>Estudio de Arquitectura<\/h2>\n<h3>\u201cIntento construir edificios<br \/>\nen los que la gente se sienta c\u00f3moda y circule<br \/>\ncon libertad.\u201d<br \/>\nToyo Ito<\/h3>\n<h6>\/ 01<\/h6>\n<h2>CONTACTO<\/h2>\n<h3><a style=\"color: #000000;\" href=\"https:\/\/www.google.com\/search?client=firefox-b-d&amp;q=arviva+arquitectos+vitoria-gasteiz+tel%C3%A9fono&amp;ludocid=5749252348846853091&amp;sa=X&amp;ved=2ahUKEwjX2aOKt8TuAhXagVwKHV8nCbYQ6BMwEXoECA8QAg\">Tel\u00e9fono<\/a>:<strong> <a href=\"https:\/\/www.google.com\/search?client=firefox-b-d&amp;q=arviva+arquitectos#\">629 14 47 60<\/a><\/strong><\/h3>\n<p>Lunes a Viernes:<\/p>\n<p>09:00am\u00a0 &#8211;\u00a0 18:30pm<\/p>\n<p>S\u00e1bado: Cerrado<\/p>\n<p>Domingo: Cerrado<\/p>\n<h6>\/ 02<\/h6>\n<h2>Nuestros Servicios<\/h2>\n<p><img loading=\"lazy\" decoding=\"async\" src=\"https:\/\/arviva.es\/wp-content\/uploads\/2021\/02\/1logoUrbanismo\u200b.png\" alt=\"\" width=\"65\" height=\"65\" \/><\/p>\n<h3>Urbanismo<\/h3>\n<ul>\n<li>Redacci\u00f3n y gesti\u00f3n de Planeamiento Urban\u00edstico a todos los niveles<\/li>\n<li>Reparcelaciones y Juntas de compensaci\u00f3n<\/li>\n<li>Estudios de recuperaci\u00f3n y rehabilitaci\u00f3n de centros hist\u00f3ricos de poblaciones<\/li>\n<li>Proyectos y Obras de urbanizaci\u00f3n, infraestructuras<\/li>\n<li>Proyectos de \u00e1reas de recreo, parques, jardines y \u00e1reas de juego infantil<\/li>\n<\/ul>\n<p><img loading=\"lazy\" decoding=\"async\" src=\"https:\/\/arviva.es\/wp-content\/uploads\/2021\/02\/2logoEdificacion.png\" alt=\"\" width=\"65\" height=\"65\" \/><\/p>\n<h3>Edificaci\u00f3n<\/h3>\n<p>Redacci\u00f3n de Proyectos de edificaci\u00f3n y Direcci\u00f3n de obra:<\/p>\n<ul>\n<li>Edificaci\u00f3n nueva, rehabilitaci\u00f3n y reforma<\/li>\n<li>Proyectos de reforma y rehabilitaci\u00f3n integrados<\/li>\n<li>Vivienda unifamiliar, plurifamiliar<\/li>\n<li>Edificaciones industriales<\/li>\n<li>Equipamientos deportivos, escuelas<\/li>\n<li>Edificios culturales<\/li>\n<li>Oficinas<\/li>\n<li>Rehabilitaci\u00f3n de edificios catalogados parte del Patrimonio arquitect\u00f3nico<\/li>\n<li>Interiorismo<\/li>\n<li>C\u00e1lculo de estructuras<\/li>\n<\/ul>\n<p><img loading=\"lazy\" decoding=\"async\" src=\"https:\/\/arviva.es\/wp-content\/uploads\/2021\/02\/3logoProjectManagement.png\" alt=\"\" width=\"65\" height=\"65\" \/><\/p>\n<h3>Project Management\u200b<\/h3>\n<ul>\n<li>Estudios econ\u00f3micos y de viabilidad, previsiones de financiamiento<\/li>\n<li>Gesti\u00f3n integrada de proyectos<\/li>\n<\/ul>\n<p><img loading=\"lazy\" decoding=\"async\" src=\"https:\/\/arviva.es\/wp-content\/uploads\/2021\/02\/4logoArquitecturalegal.png\" alt=\"\" width=\"65\" height=\"65\" \/><\/p>\n<h3>Arquitectura legal y forense<\/h3>\n<ul>\n<li>Peritajes y dict\u00e1menes forenses<\/li>\n<li>An\u00e1lisis y estudios de patolog\u00edas<\/li>\n<\/ul>\n<p><a role=\"button\" href=\"https:\/\/www.houzz.es\/profesionales\/arquitectos\/arviva-arquitectos-pfvwes-pf~1100864207?\"><br \/>\nHouzz<br \/>\n<\/a><\/p>\n<h6>\/ 03<\/h6>\n<h2>Obra Ejecutada<\/h2>\n<p><a role=\"button\" href=\"https:\/\/arviva.es\/?page_id=8\"><br \/>\nGaleria de Obras<br \/>\n<\/a><\/p>\n","protected":false},"excerpt":{"rendered":"<p>&nbsp; &nbsp; Estudio de Arquitectura \u201cIntento construir edificios en los que la gente se sienta c\u00f3moda y circule con libertad.\u201d Toyo Ito \/ 01 CONTACTO Tel\u00e9fono: 629 14 47 60 Lunes a Viernes: 09:00am\u00a0 &#8211;\u00a0 18:30pm S\u00e1bado: Cerrado Domingo: Cerrado \/ 02 Nuestros Servicios Urbanismo Redacci\u00f3n y gesti\u00f3n de Planeamiento Urban\u00edstico a todos los niveles &hellip;<\/p>\n<p class=\"read-more\"> <a class=\"\" href=\"https:\/\/arviva.es\/\"> <span class=\"screen-reader-text\">Home<\/span> Leer m\u00e1s &raquo;<\/a><\/p>\n","protected":false},"author":1,"featured_media":0,"parent":0,"menu_order":0,"comment_status":"closed","ping_status":"closed","template":"","meta":{"footnotes":""},"class_list":["post-5","page","type-page","status-publish","hentry"],"_links":{"self":[{"href":"https:\/\/arviva.es\/index.php?rest_route=\/wp\/v2\/pages\/5","targetHints":{"allow":["GET"]}}],"collection":[{"href":"https:\/\/arviva.es\/index.php?rest_route=\/wp\/v2\/pages"}],"about":[{"href":"https:\/\/arviva.es\/index.php?rest_route=\/wp\/v2\/types\/page"}],"author":[{"embeddable":true,"href":"https:\/\/arviva.es\/index.php?rest_route=\/wp\/v2\/users\/1"}],"replies":[{"embeddable":true,"href":"https:\/\/arviva.es\/index.php?rest_route=%2Fwp%2Fv2%2Fcomments&post=5"}],"version-history":[{"count":75,"href":"https:\/\/arviva.es\/index.php?rest_route=\/wp\/v2\/pages\/5\/revisions"}],"predecessor-version":[{"id":581,"href":"https:\/\/arviva.es\/index.php?rest_route=\/wp\/v2\/pages\/5\/revisions\/581"}],"wp:attachment":[{"href":"https:\/\/arviva.es\/index.php?rest_route=%2Fwp%2Fv2%2Fmedia&parent=5"}],"curies":[{"name":"wp","href":"https:\/\/api.w.org\/{rel}","templated":true}]}}